{"id":128,"date":"2025-11-24T11:02:05","date_gmt":"2025-11-24T11:02:05","guid":{"rendered":"https:\/\/evoautobrasil.com.br\/?page_id=128"},"modified":"2026-01-10T19:00:48","modified_gmt":"2026-01-10T19:00:48","slug":"home","status":"publish","type":"page","link":"https:\/\/evoautobrasil.com.br\/","title":{"rendered":"Home"},"content":{"rendered":"\t\t<div data-elementor-type=\"wp-page\" data-elementor-id=\"128\" class=\"elementor elementor-128\" data-elementor-post-type=\"page\">\n\t\t\t\t<div class=\"elementor-element elementor-element-59a5446 e-con-full e-flex e-con e-parent\" data-id=\"59a5446\" data-element_type=\"container\" data-e-type=\"container\" data-settings=\"{&quot;background_background&quot;:&quot;classic&quot;}\">\n\t\t\t\t<div class=\"elementor-element elementor-element-29bcd65 elementor-widget elementor-widget-image\" data-id=\"29bcd65\" data-element_type=\"widget\" data-e-type=\"widget\" data-settings=\"{&quot;_animation&quot;:&quot;none&quot;,&quot;_animation_delay&quot;:0}\" data-widget_type=\"image.default\">\n\t\t\t\t\t\t\t\t\t\t\t\t\t\t\t<img fetchpriority=\"high\" decoding=\"async\" width=\"2560\" height=\"1440\" src=\"https:\/\/evoautobrasil.com.br\/wp-content\/uploads\/2026\/01\/Capa3-2.jpg\" class=\"attachment-full size-full wp-image-840\" alt=\"\" srcset=\"https:\/\/evoautobrasil.com.br\/wp-content\/uploads\/2026\/01\/Capa3-2.jpg 2560w, https:\/\/evoautobrasil.com.br\/wp-content\/uploads\/2026\/01\/Capa3-2-300x169.jpg 300w, https:\/\/evoautobrasil.com.br\/wp-content\/uploads\/2026\/01\/Capa3-2-1024x576.jpg 1024w, https:\/\/evoautobrasil.com.br\/wp-content\/uploads\/2026\/01\/Capa3-2-768x432.jpg 768w, https:\/\/evoautobrasil.com.br\/wp-content\/uploads\/2026\/01\/Capa3-2-1536x864.jpg 1536w, https:\/\/evoautobrasil.com.br\/wp-content\/uploads\/2026\/01\/Capa3-2-2048x1152.jpg 2048w, https:\/\/evoautobrasil.com.br\/wp-content\/uploads\/2026\/01\/Capa3-2-600x338.jpg 600w\" sizes=\"(max-width: 2560px) 100vw, 2560px\" \/>\t\t\t\t\t\t\t\t\t\t\t\t\t\t\t<\/div>\n\t\t\t\t<\/div>\n\t\t<div class=\"elementor-element elementor-element-befe730 e-flex e-con-boxed e-con e-parent\" data-id=\"befe730\" data-element_type=\"container\" data-e-type=\"container\">\n\t\t\t\t\t<div class=\"e-con-inner\">\n\t\t\t\t<div class=\"elementor-element elementor-element-63aa35b elementor-invisible elementor-widget elementor-widget-heading\" data-id=\"63aa35b\" data-element_type=\"widget\" data-e-type=\"widget\" data-settings=\"{&quot;_animation&quot;:&quot;fadeInUp&quot;}\" data-widget_type=\"heading.default\">\n\t\t\t\t\t<h2 class=\"elementor-heading-title elementor-size-default\">explore todos nossos produtos<\/h2>\t\t\t\t<\/div>\n\t\t\t\t\t<\/div>\n\t\t\t\t<\/div>\n\t\t<div class=\"elementor-element elementor-element-df734da e-con-full e-flex elementor-invisible e-con e-parent\" data-id=\"df734da\" data-element_type=\"container\" data-e-type=\"container\" data-settings=\"{&quot;animation&quot;:&quot;fadeInUp&quot;}\">\n\t\t<div class=\"elementor-element elementor-element-644fc8e e-con-full e-flex e-con e-child\" data-id=\"644fc8e\" data-element_type=\"container\" data-e-type=\"container\">\n\t\t\t\t<div class=\"elementor-element elementor-element-04f13cc elementor-widget elementor-widget-image\" data-id=\"04f13cc\" data-element_type=\"widget\" data-e-type=\"widget\" data-widget_type=\"image.default\">\n\t\t\t\t\t\t\t\t\t\t\t\t\t\t\t<img decoding=\"async\" width=\"1920\" height=\"1080\" src=\"https:\/\/evoautobrasil.com.br\/wp-content\/uploads\/2025\/12\/Produtos-Classic.webp\" class=\"attachment-full size-full wp-image-415\" alt=\"\" srcset=\"https:\/\/evoautobrasil.com.br\/wp-content\/uploads\/2025\/12\/Produtos-Classic.webp 1920w, https:\/\/evoautobrasil.com.br\/wp-content\/uploads\/2025\/12\/Produtos-Classic-300x169.webp 300w, https:\/\/evoautobrasil.com.br\/wp-content\/uploads\/2025\/12\/Produtos-Classic-1024x576.webp 1024w, https:\/\/evoautobrasil.com.br\/wp-content\/uploads\/2025\/12\/Produtos-Classic-768x432.webp 768w, https:\/\/evoautobrasil.com.br\/wp-content\/uploads\/2025\/12\/Produtos-Classic-1536x864.webp 1536w, https:\/\/evoautobrasil.com.br\/wp-content\/uploads\/2025\/12\/Produtos-Classic-600x338.webp 600w\" sizes=\"(max-width: 1920px) 100vw, 1920px\" \/>\t\t\t\t\t\t\t\t\t\t\t\t\t\t\t<\/div>\n\t\t\t\t<\/div>\n\t\t<div class=\"elementor-element elementor-element-0530a38 e-flex e-con-boxed e-con e-child\" data-id=\"0530a38\" data-element_type=\"container\" data-e-type=\"container\" data-settings=\"{&quot;background_background&quot;:&quot;classic&quot;}\">\n\t\t\t\t\t<div class=\"e-con-inner\">\n\t\t\t\t<div class=\"elementor-element elementor-element-b2eab42 elementor-widget elementor-widget-heading\" data-id=\"b2eab42\" data-element_type=\"widget\" data-e-type=\"widget\" data-widget_type=\"heading.default\">\n\t\t\t\t\t<h2 class=\"elementor-heading-title elementor-size-default\">linha classic<\/h2>\t\t\t\t<\/div>\n\t\t\t\t<div class=\"elementor-element elementor-element-b514f02 elementor-widget elementor-widget-text-editor\" data-id=\"b514f02\" data-element_type=\"widget\" data-e-type=\"widget\" data-widget_type=\"text-editor.default\">\n\t\t\t\t\t\t\t\t\t<p><i>A LINHA CLASSIC S\u00c3O PRODUTOS FORMULADOS COM TECNOLOGIA DE PONTA, QUE OFERECEM <\/i><i>RESULTADOS PROFISSIONAIS, ALT\u00cdSSIMO RENDIMENTO<\/i><\/p>\t\t\t\t\t\t\t\t<\/div>\n\t\t\t\t<div class=\"elementor-element elementor-element-aecc9be elementor-widget__width-inherit elementor-widget-tablet__width-inherit elementor-widget-mobile__width-inherit elementor-widget elementor-widget-button\" data-id=\"aecc9be\" data-element_type=\"widget\" data-e-type=\"widget\" data-widget_type=\"button.default\">\n\t\t\t\t\t\t\t\t\t\t<a class=\"elementor-button elementor-button-link elementor-size-sm\" href=\"https:\/\/evoautobrasil.com.br\/?page_id=313\">\n\t\t\t\t\t\t<span class=\"elementor-button-content-wrapper\">\n\t\t\t\t\t\t\t\t\t<span class=\"elementor-button-text\">SAIBA MAIS<\/span>\n\t\t\t\t\t<\/span>\n\t\t\t\t\t<\/a>\n\t\t\t\t\t\t\t\t<\/div>\n\t\t\t\t\t<\/div>\n\t\t\t\t<\/div>\n\t\t\t\t<\/div>\n\t\t<div class=\"elementor-element elementor-element-65d9cd8 e-con-full e-flex elementor-invisible e-con e-parent\" data-id=\"65d9cd8\" data-element_type=\"container\" data-e-type=\"container\" data-settings=\"{&quot;animation&quot;:&quot;fadeInUp&quot;}\">\n\t\t<div class=\"elementor-element elementor-element-49d997c e-con-full e-flex e-con e-child\" data-id=\"49d997c\" data-element_type=\"container\" data-e-type=\"container\" data-settings=\"{&quot;background_background&quot;:&quot;classic&quot;}\">\n\t\t\t\t<div class=\"elementor-element elementor-element-83b0ae4 elementor-widget elementor-widget-heading\" data-id=\"83b0ae4\" data-element_type=\"widget\" data-e-type=\"widget\" data-widget_type=\"heading.default\">\n\t\t\t\t\t<h2 class=\"elementor-heading-title elementor-size-default\">LINHA ECX<\/h2>\t\t\t\t<\/div>\n\t\t\t\t<div class=\"elementor-element elementor-element-7fb32ec elementor-widget elementor-widget-text-editor\" data-id=\"7fb32ec\" data-element_type=\"widget\" data-e-type=\"widget\" data-widget_type=\"text-editor.default\">\n\t\t\t\t\t\t\t\t\t<p><i>TECNOLOGIA CER\u00c2MICA EXCLUISVA DE \u00daLTIMA GERA\u00c7\u00c3O COMBINA O QUE H\u00c1 DE MAIS AVAN\u00c7ADO <\/i><i>NO MERCADO DE CUIDADOS AUTOMOTIVOS, ENTREGANDO UMA EXPERI\u00caNCIA QUE UNE PRATICIDADE, <\/i><i>PERFORMANCE E RESULTADOS IMPRESSIONANTES.<\/i><\/p>\t\t\t\t\t\t\t\t<\/div>\n\t\t\t\t<div class=\"elementor-element elementor-element-b45a0f6 elementor-widget elementor-widget-button\" data-id=\"b45a0f6\" data-element_type=\"widget\" data-e-type=\"widget\" data-widget_type=\"button.default\">\n\t\t\t\t\t\t\t\t\t\t<a class=\"elementor-button elementor-button-link elementor-size-sm elementor-animation-grow\" href=\"https:\/\/evoautobrasil.com.br\/?page_id=507\">\n\t\t\t\t\t\t<span class=\"elementor-button-content-wrapper\">\n\t\t\t\t\t\t\t\t\t<span class=\"elementor-button-text\">SAIBA MAIS<\/span>\n\t\t\t\t\t<\/span>\n\t\t\t\t\t<\/a>\n\t\t\t\t\t\t\t\t<\/div>\n\t\t\t\t<\/div>\n\t\t<div class=\"elementor-element elementor-element-28570bc e-con-full e-flex e-con e-child\" data-id=\"28570bc\" data-element_type=\"container\" data-e-type=\"container\">\n\t\t\t\t<div class=\"elementor-element elementor-element-f4cefd3 elementor-widget elementor-widget-image\" data-id=\"f4cefd3\" data-element_type=\"widget\" data-e-type=\"widget\" data-widget_type=\"image.default\">\n\t\t\t\t\t\t\t\t\t\t\t\t\t\t\t<img decoding=\"async\" width=\"2560\" height=\"1440\" src=\"https:\/\/evoautobrasil.com.br\/wp-content\/uploads\/2026\/01\/Ecx.jpg.png\" class=\"attachment-full size-full wp-image-785\" alt=\"\" srcset=\"https:\/\/evoautobrasil.com.br\/wp-content\/uploads\/2026\/01\/Ecx.jpg.png 2560w, https:\/\/evoautobrasil.com.br\/wp-content\/uploads\/2026\/01\/Ecx.jpg-300x169.png 300w, https:\/\/evoautobrasil.com.br\/wp-content\/uploads\/2026\/01\/Ecx.jpg-1024x576.png 1024w, https:\/\/evoautobrasil.com.br\/wp-content\/uploads\/2026\/01\/Ecx.jpg-768x432.png 768w, https:\/\/evoautobrasil.com.br\/wp-content\/uploads\/2026\/01\/Ecx.jpg-1536x864.png 1536w, https:\/\/evoautobrasil.com.br\/wp-content\/uploads\/2026\/01\/Ecx.jpg-2048x1152.png 2048w, https:\/\/evoautobrasil.com.br\/wp-content\/uploads\/2026\/01\/Ecx.jpg-600x338.png 600w\" sizes=\"(max-width: 2560px) 100vw, 2560px\" \/>\t\t\t\t\t\t\t\t\t\t\t\t\t\t\t<\/div>\n\t\t\t\t<\/div>\n\t\t\t\t<\/div>\n\t\t<div class=\"elementor-element elementor-element-c41d9d6 e-con-full e-flex elementor-invisible e-con e-parent\" data-id=\"c41d9d6\" data-element_type=\"container\" data-e-type=\"container\" data-settings=\"{&quot;animation&quot;:&quot;fadeInUp&quot;}\">\n\t\t<div class=\"elementor-element elementor-element-8f95af0 e-con-full e-flex e-con e-child\" data-id=\"8f95af0\" data-element_type=\"container\" data-e-type=\"container\">\n\t\t\t\t<div class=\"elementor-element elementor-element-ea8614d elementor-widget elementor-widget-image\" data-id=\"ea8614d\" data-element_type=\"widget\" data-e-type=\"widget\" data-widget_type=\"image.default\">\n\t\t\t\t\t\t\t\t\t\t\t\t\t\t\t<img loading=\"lazy\" decoding=\"async\" width=\"2560\" height=\"1440\" src=\"https:\/\/evoautobrasil.com.br\/wp-content\/uploads\/2026\/01\/Dux.jpg\" class=\"attachment-full size-full wp-image-842\" alt=\"\" srcset=\"https:\/\/evoautobrasil.com.br\/wp-content\/uploads\/2026\/01\/Dux.jpg 2560w, https:\/\/evoautobrasil.com.br\/wp-content\/uploads\/2026\/01\/Dux-300x169.jpg 300w, https:\/\/evoautobrasil.com.br\/wp-content\/uploads\/2026\/01\/Dux-1024x576.jpg 1024w, https:\/\/evoautobrasil.com.br\/wp-content\/uploads\/2026\/01\/Dux-768x432.jpg 768w, https:\/\/evoautobrasil.com.br\/wp-content\/uploads\/2026\/01\/Dux-1536x864.jpg 1536w, https:\/\/evoautobrasil.com.br\/wp-content\/uploads\/2026\/01\/Dux-2048x1152.jpg 2048w, https:\/\/evoautobrasil.com.br\/wp-content\/uploads\/2026\/01\/Dux-600x338.jpg 600w\" sizes=\"(max-width: 2560px) 100vw, 2560px\" \/>\t\t\t\t\t\t\t\t\t\t\t\t\t\t\t<\/div>\n\t\t\t\t<\/div>\n\t\t<div class=\"elementor-element elementor-element-c9c86c6 e-con-full e-flex e-con e-child\" data-id=\"c9c86c6\" data-element_type=\"container\" data-e-type=\"container\" data-settings=\"{&quot;background_background&quot;:&quot;classic&quot;}\">\n\t\t\t\t<div class=\"elementor-element elementor-element-037069b elementor-widget elementor-widget-heading\" data-id=\"037069b\" data-element_type=\"widget\" data-e-type=\"widget\" data-widget_type=\"heading.default\">\n\t\t\t\t\t<h2 class=\"elementor-heading-title elementor-size-default\">dux auto<\/h2>\t\t\t\t<\/div>\n\t\t\t\t<div class=\"elementor-element elementor-element-e50879b elementor-widget elementor-widget-text-editor\" data-id=\"e50879b\" data-element_type=\"widget\" data-e-type=\"widget\" data-widget_type=\"text-editor.default\">\n\t\t\t\t\t\t\t\t\t<p class=\"p1\">Produtos de alta qualidade criados para oferecer desempenho consistente, unindo efici\u00eancia, economia e excelente custo-benef\u00edcio em cada aplica\u00e7\u00e3o.<b><\/b><\/p>\t\t\t\t\t\t\t\t<\/div>\n\t\t\t\t<div class=\"elementor-element elementor-element-eec5c88 elementor-widget-tablet__width-inherit elementor-widget elementor-widget-button\" data-id=\"eec5c88\" data-element_type=\"widget\" data-e-type=\"widget\" data-widget_type=\"button.default\">\n\t\t\t\t\t\t\t\t\t\t<a class=\"elementor-button elementor-button-link elementor-size-sm elementor-animation-grow\" href=\"https:\/\/evoautobrasil.com.br\/?page_id=589\">\n\t\t\t\t\t\t<span class=\"elementor-button-content-wrapper\">\n\t\t\t\t\t\t\t\t\t<span class=\"elementor-button-text\">SAIBA MAIS<\/span>\n\t\t\t\t\t<\/span>\n\t\t\t\t\t<\/a>\n\t\t\t\t\t\t\t\t<\/div>\n\t\t\t\t<\/div>\n\t\t\t\t<\/div>\n\t\t<div class=\"elementor-element elementor-element-b333a06 e-con-full e-flex elementor-invisible e-con e-parent\" data-id=\"b333a06\" data-element_type=\"container\" data-e-type=\"container\" data-settings=\"{&quot;animation&quot;:&quot;fadeInUp&quot;}\">\n\t\t<div class=\"elementor-element elementor-element-f252777 e-con-full e-flex e-con e-child\" data-id=\"f252777\" data-element_type=\"container\" data-e-type=\"container\">\n\t\t\t\t<div class=\"elementor-element elementor-element-ccbb770 elementor-widget elementor-widget-heading\" data-id=\"ccbb770\" data-element_type=\"widget\" data-e-type=\"widget\" data-widget_type=\"heading.default\">\n\t\t\t\t\t<h2 class=\"elementor-heading-title elementor-size-default\">AROMATIZANTE<\/h2>\t\t\t\t<\/div>\n\t\t\t\t<div class=\"elementor-element elementor-element-6beb2c0 elementor-widget elementor-widget-text-editor\" data-id=\"6beb2c0\" data-element_type=\"widget\" data-e-type=\"widget\" data-widget_type=\"text-editor.default\">\n\t\t\t\t\t\t\t\t\t<p>Os aromatizantes <b>Evo Auto<\/b> foram desenvolvidos para proporcionar uma experi\u00eancia olfativa <span class=\"s1\"><b>sofisticada, limpa e contempor\u00e2nea<\/b><\/span>, ideal para ambientes que exigem um padr\u00e3o elevado de qualidade.<\/p>\t\t\t\t\t\t\t\t<\/div>\n\t\t\t\t<div class=\"elementor-element elementor-element-0ad36c0 elementor-widget elementor-widget-button\" data-id=\"0ad36c0\" data-element_type=\"widget\" data-e-type=\"widget\" data-widget_type=\"button.default\">\n\t\t\t\t\t\t\t\t\t\t<a class=\"elementor-button elementor-button-link elementor-size-sm elementor-animation-grow\" href=\"https:\/\/evoautobrasil.com.br\/?page_id=622\">\n\t\t\t\t\t\t<span class=\"elementor-button-content-wrapper\">\n\t\t\t\t\t\t\t\t\t<span class=\"elementor-button-text\">saiba mais<\/span>\n\t\t\t\t\t<\/span>\n\t\t\t\t\t<\/a>\n\t\t\t\t\t\t\t\t<\/div>\n\t\t\t\t<\/div>\n\t\t<div class=\"elementor-element elementor-element-44162a4 e-con-full e-flex e-con e-child\" data-id=\"44162a4\" data-element_type=\"container\" data-e-type=\"container\">\n\t\t\t\t<div class=\"elementor-element elementor-element-908188b elementor-widget elementor-widget-image\" data-id=\"908188b\" data-element_type=\"widget\" data-e-type=\"widget\" data-widget_type=\"image.default\">\n\t\t\t\t\t\t\t\t\t\t\t\t\t\t\t<img loading=\"lazy\" decoding=\"async\" width=\"2560\" height=\"1440\" src=\"https:\/\/evoautobrasil.com.br\/wp-content\/uploads\/2026\/01\/Aromatizante.jpg\" class=\"attachment-full size-full wp-image-843\" alt=\"\" srcset=\"https:\/\/evoautobrasil.com.br\/wp-content\/uploads\/2026\/01\/Aromatizante.jpg 2560w, https:\/\/evoautobrasil.com.br\/wp-content\/uploads\/2026\/01\/Aromatizante-300x169.jpg 300w, https:\/\/evoautobrasil.com.br\/wp-content\/uploads\/2026\/01\/Aromatizante-1024x576.jpg 1024w, https:\/\/evoautobrasil.com.br\/wp-content\/uploads\/2026\/01\/Aromatizante-768x432.jpg 768w, https:\/\/evoautobrasil.com.br\/wp-content\/uploads\/2026\/01\/Aromatizante-1536x864.jpg 1536w, https:\/\/evoautobrasil.com.br\/wp-content\/uploads\/2026\/01\/Aromatizante-2048x1152.jpg 2048w, https:\/\/evoautobrasil.com.br\/wp-content\/uploads\/2026\/01\/Aromatizante-600x338.jpg 600w\" sizes=\"(max-width: 2560px) 100vw, 2560px\" \/>\t\t\t\t\t\t\t\t\t\t\t\t\t\t\t<\/div>\n\t\t\t\t<\/div>\n\t\t\t\t<\/div>\n\t\t<div class=\"elementor-element elementor-element-aabb291 e-con-full e-flex elementor-invisible e-con e-parent\" data-id=\"aabb291\" data-element_type=\"container\" data-e-type=\"container\" data-settings=\"{&quot;animation&quot;:&quot;fadeInUp&quot;}\">\n\t\t\t\t<div class=\"elementor-element elementor-element-bdc6a7f elementor-widget elementor-widget-image\" data-id=\"bdc6a7f\" data-element_type=\"widget\" data-e-type=\"widget\" data-widget_type=\"image.default\">\n\t\t\t\t\t\t\t\t\t\t\t\t\t\t\t<img loading=\"lazy\" decoding=\"async\" width=\"2560\" height=\"1440\" src=\"https:\/\/evoautobrasil.com.br\/wp-content\/uploads\/2026\/01\/capa4.jpg\" class=\"attachment-full size-full wp-image-844\" alt=\"\" srcset=\"https:\/\/evoautobrasil.com.br\/wp-content\/uploads\/2026\/01\/capa4.jpg 2560w, https:\/\/evoautobrasil.com.br\/wp-content\/uploads\/2026\/01\/capa4-300x169.jpg 300w, https:\/\/evoautobrasil.com.br\/wp-content\/uploads\/2026\/01\/capa4-1024x576.jpg 1024w, https:\/\/evoautobrasil.com.br\/wp-content\/uploads\/2026\/01\/capa4-768x432.jpg 768w, https:\/\/evoautobrasil.com.br\/wp-content\/uploads\/2026\/01\/capa4-1536x864.jpg 1536w, https:\/\/evoautobrasil.com.br\/wp-content\/uploads\/2026\/01\/capa4-2048x1152.jpg 2048w, https:\/\/evoautobrasil.com.br\/wp-content\/uploads\/2026\/01\/capa4-600x338.jpg 600w\" sizes=\"(max-width: 2560px) 100vw, 2560px\" \/>\t\t\t\t\t\t\t\t\t\t\t\t\t\t\t<\/div>\n\t\t\t\t<\/div>\n\t\t<div class=\"elementor-element elementor-element-656b2dc e-flex e-con-boxed e-con e-parent\" data-id=\"656b2dc\" data-element_type=\"container\" data-e-type=\"container\">\n\t\t\t\t\t<div class=\"e-con-inner\">\n\t\t\t\t<div class=\"elementor-element elementor-element-8fde25c elementor-invisible elementor-widget elementor-widget-button\" data-id=\"8fde25c\" data-element_type=\"widget\" data-e-type=\"widget\" data-settings=\"{&quot;_animation&quot;:&quot;fadeInUp&quot;}\" data-widget_type=\"button.default\">\n\t\t\t\t\t\t\t\t\t\t<a class=\"elementor-button elementor-button-link elementor-size-sm elementor-animation-grow\" href=\"https:\/\/evoautobrasil.com.br\/?page_id=448\">\n\t\t\t\t\t\t<span class=\"elementor-button-content-wrapper\">\n\t\t\t\t\t\t\t\t\t<span class=\"elementor-button-text\">quero ser revendedor<\/span>\n\t\t\t\t\t<\/span>\n\t\t\t\t\t<\/a>\n\t\t\t\t\t\t\t\t<\/div>\n\t\t\t\t\t<\/div>\n\t\t\t\t<\/div>\n\t\t\t\t<\/div>\n\t\t","protected":false},"excerpt":{"rendered":"<p>explore todos nossos produtos linha classic A LINHA CLASSIC S\u00c3O PRODUTOS FORMULADOS COM TECNOLOGIA DE PONTA, QUE OFERECEM RESULTADOS PROFISSIONAIS, ALT\u00cdSSIMO RENDIMENTO SAIBA MAIS LINHA ECX TECNOLOGIA CER\u00c2MICA EXCLUISVA DE \u00daLTIMA GERA\u00c7\u00c3O COMBINA O QUE H\u00c1 DE MAIS AVAN\u00c7ADO NO MERCADO DE CUIDADOS AUTOMOTIVOS, ENTREGANDO UMA EXPERI\u00caNCIA QUE UNE PRATICIDADE, PERFORMANCE E RESULTADOS IMPRESSIONANTES. SAIBA [&hellip;]<\/p>\n","protected":false},"author":1,"featured_media":0,"parent":0,"menu_order":0,"comment_status":"closed","ping_status":"closed","template":"","meta":{"footnotes":""},"class_list":["post-128","page","type-page","status-publish","hentry"],"_hostinger_reach_plugin_has_subscription_block":false,"_hostinger_reach_plugin_is_elementor":false,"_links":{"self":[{"href":"https:\/\/evoautobrasil.com.br\/index.php?rest_route=\/wp\/v2\/pages\/128","targetHints":{"allow":["GET"]}}],"collection":[{"href":"https:\/\/evoautobrasil.com.br\/index.php?rest_route=\/wp\/v2\/pages"}],"about":[{"href":"https:\/\/evoautobrasil.com.br\/index.php?rest_route=\/wp\/v2\/types\/page"}],"author":[{"embeddable":true,"href":"https:\/\/evoautobrasil.com.br\/index.php?rest_route=\/wp\/v2\/users\/1"}],"replies":[{"embeddable":true,"href":"https:\/\/evoautobrasil.com.br\/index.php?rest_route=%2Fwp%2Fv2%2Fcomments&post=128"}],"version-history":[{"count":67,"href":"https:\/\/evoautobrasil.com.br\/index.php?rest_route=\/wp\/v2\/pages\/128\/revisions"}],"predecessor-version":[{"id":1303,"href":"https:\/\/evoautobrasil.com.br\/index.php?rest_route=\/wp\/v2\/pages\/128\/revisions\/1303"}],"wp:attachment":[{"href":"https:\/\/evoautobrasil.com.br\/index.php?rest_route=%2Fwp%2Fv2%2Fmedia&parent=128"}],"curies":[{"name":"wp","href":"https:\/\/api.w.org\/{rel}","templated":true}]}}