{"id":287,"date":"2025-12-23T14:39:17","date_gmt":"2025-12-23T14:39:17","guid":{"rendered":"https:\/\/evoautobrasil.com.br\/about\/"},"modified":"2026-01-08T00:08:21","modified_gmt":"2026-01-08T00:08:21","slug":"about","status":"publish","type":"page","link":"https:\/\/evoautobrasil.com.br\/?page_id=287","title":{"rendered":"Sobre"},"content":{"rendered":"\t\t<div data-elementor-type=\"wp-page\" data-elementor-id=\"287\" class=\"elementor elementor-287\" data-elementor-post-type=\"page\">\n\t\t\t\t<div class=\"elementor-element elementor-element-9defa37 e-con-full e-flex e-con e-parent\" data-id=\"9defa37\" data-element_type=\"container\" data-e-type=\"container\">\n\t\t\t\t<div class=\"elementor-element elementor-element-538bc62 elementor-widget elementor-widget-image\" data-id=\"538bc62\" data-element_type=\"widget\" data-e-type=\"widget\" data-widget_type=\"image.default\">\n\t\t\t\t\t\t\t\t\t\t\t\t\t\t\t<img fetchpriority=\"high\" decoding=\"async\" width=\"1536\" height=\"1024\" src=\"https:\/\/evoautobrasil.com.br\/wp-content\/uploads\/2026\/01\/Capa5.jpg\" class=\"attachment-full size-full wp-image-897\" alt=\"\" srcset=\"https:\/\/evoautobrasil.com.br\/wp-content\/uploads\/2026\/01\/Capa5.jpg 1536w, https:\/\/evoautobrasil.com.br\/wp-content\/uploads\/2026\/01\/Capa5-300x200.jpg 300w, https:\/\/evoautobrasil.com.br\/wp-content\/uploads\/2026\/01\/Capa5-1024x683.jpg 1024w, https:\/\/evoautobrasil.com.br\/wp-content\/uploads\/2026\/01\/Capa5-768x512.jpg 768w, https:\/\/evoautobrasil.com.br\/wp-content\/uploads\/2026\/01\/Capa5-600x400.jpg 600w\" sizes=\"(max-width: 1536px) 100vw, 1536px\" \/>\t\t\t\t\t\t\t\t\t\t\t\t\t\t\t<\/div>\n\t\t\t\t<\/div>\n\t\t<div class=\"elementor-element elementor-element-2753bbe e-flex e-con-boxed elementor-invisible e-con e-parent\" data-id=\"2753bbe\" data-element_type=\"container\" data-e-type=\"container\" data-settings=\"{&quot;background_background&quot;:&quot;classic&quot;,&quot;animation&quot;:&quot;fadeInUp&quot;}\">\n\t\t\t\t\t<div class=\"e-con-inner\">\n\t\t<div class=\"elementor-element elementor-element-46ee169 e-con-full e-flex e-con e-child\" data-id=\"46ee169\" data-element_type=\"container\" data-e-type=\"container\">\n\t\t\t\t<div class=\"elementor-element elementor-element-a02923b elementor-widget elementor-widget-text-editor\" data-id=\"a02923b\" data-element_type=\"widget\" data-e-type=\"widget\" data-widget_type=\"text-editor.default\">\n\t\t\t\t\t\t\t\t\t<p class=\"p1\">Fundada em 2021, a <span class=\"s1\"><b>Evo Auto<\/b><\/span> nasceu com um prop\u00f3sito claro:<\/p><p class=\"p2\"><b>elevar o padr\u00e3o dos produtos automotivos por meio de tecnologia, performance e resultado real<\/b><span class=\"s2\">.<\/span><\/p><p class=\"p1\">Atuamos no desenvolvimento de solu\u00e7\u00f5es que unem efici\u00eancia, praticidade e alto desempenho, atendendo \u00e0s exig\u00eancias de um mercado cada vez mais t\u00e9cnico e profissional.<\/p><p>\u00a0<\/p><h4><b>Nossa ess\u00eancia<\/b><\/h4><p class=\"p3\">Acreditamos que o cuidado automotivo vai al\u00e9m da est\u00e9tica.<\/p><p class=\"p3\">Ele representa <span class=\"s2\"><b>orgulho, identidade e valoriza\u00e7\u00e3o<\/b><\/span>, tanto para quem cuida quanto para quem confia.<\/p>\t\t\t\t\t\t\t\t<\/div>\n\t\t\t\t<\/div>\n\t\t<div class=\"elementor-element elementor-element-254c9b0 e-con-full e-flex e-con e-child\" data-id=\"254c9b0\" data-element_type=\"container\" data-e-type=\"container\">\n\t\t\t\t<div class=\"elementor-element elementor-element-3d8f629 elementor-widget elementor-widget-image\" data-id=\"3d8f629\" data-element_type=\"widget\" data-e-type=\"widget\" data-widget_type=\"image.default\">\n\t\t\t\t\t\t\t\t\t\t\t\t\t\t\t<img decoding=\"async\" width=\"1707\" height=\"1916\" src=\"https:\/\/evoautobrasil.com.br\/wp-content\/uploads\/2026\/01\/DSC00358-scaled-e1767706120763.jpg\" class=\"attachment-full size-full wp-image-903\" alt=\"\" srcset=\"https:\/\/evoautobrasil.com.br\/wp-content\/uploads\/2026\/01\/DSC00358-scaled-e1767706120763.jpg 1707w, https:\/\/evoautobrasil.com.br\/wp-content\/uploads\/2026\/01\/DSC00358-scaled-e1767706120763-267x300.jpg 267w, https:\/\/evoautobrasil.com.br\/wp-content\/uploads\/2026\/01\/DSC00358-scaled-e1767706120763-912x1024.jpg 912w, https:\/\/evoautobrasil.com.br\/wp-content\/uploads\/2026\/01\/DSC00358-scaled-e1767706120763-768x862.jpg 768w, https:\/\/evoautobrasil.com.br\/wp-content\/uploads\/2026\/01\/DSC00358-scaled-e1767706120763-1368x1536.jpg 1368w, https:\/\/evoautobrasil.com.br\/wp-content\/uploads\/2026\/01\/DSC00358-scaled-e1767706120763-600x673.jpg 600w\" sizes=\"(max-width: 1707px) 100vw, 1707px\" \/>\t\t\t\t\t\t\t\t\t\t\t\t\t\t\t<\/div>\n\t\t\t\t<\/div>\n\t\t\t\t\t<\/div>\n\t\t\t\t<\/div>\n\t\t<div class=\"elementor-element elementor-element-7595429 e-flex e-con-boxed elementor-invisible e-con e-parent\" data-id=\"7595429\" data-element_type=\"container\" data-e-type=\"container\" data-settings=\"{&quot;background_background&quot;:&quot;classic&quot;,&quot;animation&quot;:&quot;fadeInUp&quot;}\">\n\t\t\t\t\t<div class=\"e-con-inner\">\n\t\t<div class=\"elementor-element elementor-element-4953cbb e-con-full e-flex e-con e-child\" data-id=\"4953cbb\" data-element_type=\"container\" data-e-type=\"container\">\n\t\t\t\t<div class=\"elementor-element elementor-element-7875292 animated-slow elementor-invisible elementor-widget elementor-widget-image\" data-id=\"7875292\" data-element_type=\"widget\" data-e-type=\"widget\" data-settings=\"{&quot;_animation&quot;:&quot;fadeInUp&quot;}\" data-widget_type=\"image.default\">\n\t\t\t\t\t\t\t\t\t\t\t\t\t\t\t<img decoding=\"async\" src=\"https:\/\/evoautobrasil.com.br\/wp-content\/uploads\/2026\/01\/DSC00438-scaled-e1767704832637.jpg\" title=\"DSC00438\" alt=\"DSC00438\" loading=\"lazy\" \/>\t\t\t\t\t\t\t\t\t\t\t\t\t\t\t<\/div>\n\t\t\t\t<\/div>\n\t\t<div class=\"elementor-element elementor-element-96e4b2b e-con-full e-flex e-con e-child\" data-id=\"96e4b2b\" data-element_type=\"container\" data-e-type=\"container\">\n\t\t\t\t<div class=\"elementor-element elementor-element-f96c457 animated-slow elementor-invisible elementor-widget elementor-widget-heading\" data-id=\"f96c457\" data-element_type=\"widget\" data-e-type=\"widget\" data-settings=\"{&quot;_animation&quot;:&quot;fadeInUp&quot;}\" data-widget_type=\"heading.default\">\n\t\t\t\t\t<h2 class=\"elementor-heading-title elementor-size-default\">Valores<\/h2>\t\t\t\t<\/div>\n\t\t\t\t<div class=\"elementor-element elementor-element-94578b8 animated-slow elementor-invisible elementor-widget elementor-widget-text-editor\" data-id=\"94578b8\" data-element_type=\"widget\" data-e-type=\"widget\" data-settings=\"{&quot;_animation&quot;:&quot;fadeInUp&quot;}\" data-widget_type=\"text-editor.default\">\n\t\t\t\t\t\t\t\t\t<h5><b>\u00a0 \u00a0 \u00a0 \u00a0 \u00a0Excel\u00eancia em resultado<\/b><\/h5><p class=\"p3\">Entregamos produtos que funcionam na pr\u00e1tica, com performance comprovada em condi\u00e7\u00f5es reais de uso.<\/p><h5><b>\u00a0 \u00a0 \u00a0 \u00a0 \u00a0Inova\u00e7\u00e3o com prop\u00f3sito<\/b><\/h5><p class=\"p3\">Evolu\u00edmos constantemente nossas f\u00f3rmulas e processos, sempre com foco em efici\u00eancia e aplicabilidade.<\/p><h5><b>\u00a0 \u00a0 \u00a0 \u00a0 \u00a0\u00c9tica e transpar\u00eancia<\/b><\/h5><p class=\"p3\">Constru\u00edmos rela\u00e7\u00f5es s\u00f3lidas, baseadas em confian\u00e7a, clareza e respeito ao mercado.<\/p>\t\t\t\t\t\t\t\t<\/div>\n\t\t\t\t<\/div>\n\t\t\t\t\t<\/div>\n\t\t\t\t<\/div>\n\t\t<div class=\"elementor-element elementor-element-b4341cf e-flex e-con-boxed elementor-invisible e-con e-parent\" data-id=\"b4341cf\" data-element_type=\"container\" data-e-type=\"container\" data-settings=\"{&quot;animation&quot;:&quot;fadeInUp&quot;}\">\n\t\t\t\t\t<div class=\"e-con-inner\">\n\t\t<div class=\"elementor-element elementor-element-88d0bb0 e-con-full e-flex e-con e-child\" data-id=\"88d0bb0\" data-element_type=\"container\" data-e-type=\"container\">\n\t\t\t\t<div class=\"elementor-element elementor-element-cb97d35 elementor-widget elementor-widget-text-editor\" data-id=\"cb97d35\" data-element_type=\"widget\" data-e-type=\"widget\" data-widget_type=\"text-editor.default\">\n\t\t\t\t\t\t\t\t\t<h2 class=\"p1\">\u00a0<b>Miss\u00e3o<\/b><\/h2><p class=\"p3\">Desenvolver solu\u00e7\u00f5es automotivas de alto desempenho, unindo tecnologia, efici\u00eancia e confiabilidade, para elevar o padr\u00e3o do cuidado automotivo e entregar resultados reais aos profissionais e parceiros da Evo Auto.<\/p><p>\u00a0<\/p><h2><b>Vis\u00e3o<\/b><\/h2><p class=\"p3\">Consolidar a Evo Auto como uma marca refer\u00eancia nacional em produtos automotivos, reconhecida pela excel\u00eancia t\u00e9cnica, inova\u00e7\u00e3o cont\u00ednua e credibilidade no mercado profissional.<\/p>\t\t\t\t\t\t\t\t<\/div>\n\t\t\t\t<\/div>\n\t\t<div class=\"elementor-element elementor-element-edd179f e-con-full e-flex e-con e-child\" data-id=\"edd179f\" data-element_type=\"container\" data-e-type=\"container\">\n\t\t\t\t<div class=\"elementor-element elementor-element-0973266 elementor-widget elementor-widget-image\" data-id=\"0973266\" data-element_type=\"widget\" data-e-type=\"widget\" data-widget_type=\"image.default\">\n\t\t\t\t\t\t\t\t\t\t\t\t\t\t\t<img decoding=\"async\" width=\"1707\" height=\"2125\" src=\"https:\/\/evoautobrasil.com.br\/wp-content\/uploads\/2026\/01\/DSC00410-scaled-e1767707860988.jpg\" class=\"attachment-full size-full wp-image-905\" alt=\"\" srcset=\"https:\/\/evoautobrasil.com.br\/wp-content\/uploads\/2026\/01\/DSC00410-scaled-e1767707860988.jpg 1707w, https:\/\/evoautobrasil.com.br\/wp-content\/uploads\/2026\/01\/DSC00410-scaled-e1767707860988-241x300.jpg 241w, https:\/\/evoautobrasil.com.br\/wp-content\/uploads\/2026\/01\/DSC00410-scaled-e1767707860988-823x1024.jpg 823w, https:\/\/evoautobrasil.com.br\/wp-content\/uploads\/2026\/01\/DSC00410-scaled-e1767707860988-768x956.jpg 768w, https:\/\/evoautobrasil.com.br\/wp-content\/uploads\/2026\/01\/DSC00410-scaled-e1767707860988-1234x1536.jpg 1234w, https:\/\/evoautobrasil.com.br\/wp-content\/uploads\/2026\/01\/DSC00410-scaled-e1767707860988-1645x2048.jpg 1645w, https:\/\/evoautobrasil.com.br\/wp-content\/uploads\/2026\/01\/DSC00410-scaled-e1767707860988-600x747.jpg 600w\" sizes=\"(max-width: 1707px) 100vw, 1707px\" \/>\t\t\t\t\t\t\t\t\t\t\t\t\t\t\t<\/div>\n\t\t\t\t<\/div>\n\t\t\t\t\t<\/div>\n\t\t\t\t<\/div>\n\t\t\t\t<\/div>\n\t\t","protected":false},"excerpt":{"rendered":"<p>Fundada em 2021, a Evo Auto nasceu com um prop\u00f3sito claro: elevar o padr\u00e3o dos produtos automotivos por meio de tecnologia, performance e resultado real. Atuamos no desenvolvimento de solu\u00e7\u00f5es que unem efici\u00eancia, praticidade e alto desempenho, atendendo \u00e0s exig\u00eancias de um mercado cada vez mais t\u00e9cnico e profissional. \u00a0 Nossa ess\u00eancia Acreditamos que o [&hellip;]<\/p>\n","protected":false},"author":1,"featured_media":0,"parent":0,"menu_order":0,"comment_status":"closed","ping_status":"closed","template":"elementor_header_footer","meta":{"footnotes":""},"class_list":["post-287","page","type-page","status-publish","hentry"],"_hostinger_reach_plugin_has_subscription_block":false,"_hostinger_reach_plugin_is_elementor":false,"_links":{"self":[{"href":"https:\/\/evoautobrasil.com.br\/index.php?rest_route=\/wp\/v2\/pages\/287","targetHints":{"allow":["GET"]}}],"collection":[{"href":"https:\/\/evoautobrasil.com.br\/index.php?rest_route=\/wp\/v2\/pages"}],"about":[{"href":"https:\/\/evoautobrasil.com.br\/index.php?rest_route=\/wp\/v2\/types\/page"}],"author":[{"embeddable":true,"href":"https:\/\/evoautobrasil.com.br\/index.php?rest_route=\/wp\/v2\/users\/1"}],"replies":[{"embeddable":true,"href":"https:\/\/evoautobrasil.com.br\/index.php?rest_route=%2Fwp%2Fv2%2Fcomments&post=287"}],"version-history":[{"count":25,"href":"https:\/\/evoautobrasil.com.br\/index.php?rest_route=\/wp\/v2\/pages\/287\/revisions"}],"predecessor-version":[{"id":1248,"href":"https:\/\/evoautobrasil.com.br\/index.php?rest_route=\/wp\/v2\/pages\/287\/revisions\/1248"}],"wp:attachment":[{"href":"https:\/\/evoautobrasil.com.br\/index.php?rest_route=%2Fwp%2Fv2%2Fmedia&parent=287"}],"curies":[{"name":"wp","href":"https:\/\/api.w.org\/{rel}","templated":true}]}}