{"id":603,"date":"2025-12-30T15:21:30","date_gmt":"2025-12-30T15:21:30","guid":{"rendered":"https:\/\/greenyellow-stork-772247.hostingersite.com\/?page_id=603"},"modified":"2026-01-07T23:44:37","modified_gmt":"2026-01-07T23:44:37","slug":"force-2","status":"publish","type":"page","link":"https:\/\/evoautobrasil.com.br\/?page_id=603","title":{"rendered":"Force"},"content":{"rendered":"\t\t<div data-elementor-type=\"wp-page\" data-elementor-id=\"603\" class=\"elementor elementor-603\" data-elementor-post-type=\"page\">\n\t\t\t\t<div class=\"elementor-element elementor-element-d78db81 e-con-full e-flex e-con e-parent\" data-id=\"d78db81\" data-element_type=\"container\" data-e-type=\"container\">\n\t\t<div class=\"elementor-element elementor-element-85fc3d7 e-con-full e-flex e-con e-child\" data-id=\"85fc3d7\" data-element_type=\"container\" data-e-type=\"container\">\n\t\t\t\t<div class=\"elementor-element elementor-element-de5c10a elementor--h-position-center elementor--v-position-middle elementor-arrows-position-inside elementor-pagination-position-inside elementor-widget elementor-widget-slides\" data-id=\"de5c10a\" data-element_type=\"widget\" data-e-type=\"widget\" data-settings=\"{&quot;navigation&quot;:&quot;both&quot;,&quot;autoplay&quot;:&quot;yes&quot;,&quot;pause_on_hover&quot;:&quot;yes&quot;,&quot;pause_on_interaction&quot;:&quot;yes&quot;,&quot;autoplay_speed&quot;:5000,&quot;infinite&quot;:&quot;yes&quot;,&quot;transition&quot;:&quot;slide&quot;,&quot;transition_speed&quot;:500}\" data-widget_type=\"slides.default\">\n\t\t\t\t\t\t\t\t\t\t<div class=\"elementor-slides-wrapper elementor-main-swiper swiper\" role=\"region\" aria-roledescription=\"carousel\" aria-label=\"Slides\" dir=\"ltr\" data-animation=\"fadeInUp\">\n\t\t\t\t<div class=\"swiper-wrapper elementor-slides\">\n\t\t\t\t\t\t\t\t\t\t<div class=\"elementor-repeater-item-261a594 swiper-slide\" role=\"group\" aria-roledescription=\"slide\"><div class=\"swiper-slide-bg\" role=\"img\" aria-label=\"Force 1,5L\"><\/div><div class=\"swiper-slide-inner\" ><div class=\"swiper-slide-contents\"><\/div><\/div><\/div><div class=\"elementor-repeater-item-8c7529d swiper-slide\" role=\"group\" aria-roledescription=\"slide\"><div class=\"swiper-slide-bg\" role=\"img\" aria-label=\"Force 5L\"><\/div><div class=\"swiper-slide-inner\" ><div class=\"swiper-slide-contents\"><\/div><\/div><\/div>\t\t\t\t<\/div>\n\t\t\t\t\t\t\t\t\t\t\t\t\t\t\t<div class=\"elementor-swiper-button elementor-swiper-button-prev\" role=\"button\" tabindex=\"0\" aria-label=\"Slide anterior\">\n\t\t\t\t\t\t\t<svg aria-hidden=\"true\" class=\"e-font-icon-svg e-eicon-chevron-left\" viewBox=\"0 0 1000 1000\" xmlns=\"http:\/\/www.w3.org\/2000\/svg\"><path d=\"M646 125C629 125 613 133 604 142L308 442C296 454 292 471 292 487 292 504 296 521 308 533L604 854C617 867 629 875 646 875 663 875 679 871 692 858 704 846 713 829 713 812 713 796 708 779 692 767L438 487 692 225C700 217 708 204 708 187 708 171 704 154 692 142 675 129 663 125 646 125Z\"><\/path><\/svg>\t\t\t\t\t\t<\/div>\n\t\t\t\t\t\t<div class=\"elementor-swiper-button elementor-swiper-button-next\" role=\"button\" tabindex=\"0\" aria-label=\"Pr\u00f3ximo slide\">\n\t\t\t\t\t\t\t<svg aria-hidden=\"true\" class=\"e-font-icon-svg e-eicon-chevron-right\" viewBox=\"0 0 1000 1000\" xmlns=\"http:\/\/www.w3.org\/2000\/svg\"><path d=\"M696 533C708 521 713 504 713 487 713 471 708 454 696 446L400 146C388 133 375 125 354 125 338 125 325 129 313 142 300 154 292 171 292 187 292 204 296 221 308 233L563 492 304 771C292 783 288 800 288 817 288 833 296 850 308 863 321 871 338 875 354 875 371 875 388 867 400 854L696 533Z\"><\/path><\/svg>\t\t\t\t\t\t<\/div>\n\t\t\t\t\t\t\t\t\t\t\t\t\t\t\t\t<div class=\"swiper-pagination\"><\/div>\n\t\t\t\t\t\t\t\t\t\t\t\t<\/div>\n\t\t\t\t\t\t\t\t<\/div>\n\t\t\t\t<\/div>\n\t\t<div class=\"elementor-element elementor-element-ddcd813 e-con-full e-flex e-con e-child\" data-id=\"ddcd813\" data-element_type=\"container\" data-e-type=\"container\" data-settings=\"{&quot;background_background&quot;:&quot;classic&quot;}\">\n\t\t\t\t<div class=\"elementor-element elementor-element-e446231 elementor-widget elementor-widget-heading\" data-id=\"e446231\" data-element_type=\"widget\" data-e-type=\"widget\" data-widget_type=\"heading.default\">\n\t\t\t\t\t<h2 class=\"elementor-heading-title elementor-size-default\">LIMPADOR MULTIUSO<br>FORCE<\/h2>\t\t\t\t<\/div>\n\t\t\t\t<div class=\"elementor-element elementor-element-6d8ccd6 elementor-widget elementor-widget-text-editor\" data-id=\"6d8ccd6\" data-element_type=\"widget\" data-e-type=\"widget\" data-widget_type=\"text-editor.default\">\n\t\t\t\t\t\t\t\t\t<p class=\"p1\" style=\"margin: 0px; font-width: normal; font-size: 14px; line-height: normal; font-family: Helvetica; font-size-adjust: none; font-kerning: auto; font-variant-alternates: normal; font-variant-ligatures: normal; font-variant-numeric: normal; font-variant-east-asian: normal; font-variant-position: normal; font-feature-settings: normal; font-optical-sizing: auto; font-variation-settings: normal; color: #fcfbe0;\">FORCE DA EVO AUTO, \u00c9 UM LIMPADOR PARA USO LEVE E PESADO, SUA<\/p><p class=\"p1\" style=\"margin: 0px; font-width: normal; font-size: 14px; line-height: normal; font-family: Helvetica; font-size-adjust: none; font-kerning: auto; font-variant-alternates: normal; font-variant-ligatures: normal; font-variant-numeric: normal; font-variant-east-asian: normal; font-variant-position: normal; font-feature-settings: normal; font-optical-sizing: auto; font-variation-settings: normal; color: #fcfbe0;\">FORMULA\u00c7\u00c3O PROPORCIONA UM INCR\u00cdVEL N\u00cdVEL DE LIMPEZA, PARA CARROCERIAS, CHASSI, RODAS, M\u00c1QUINAS AGR\u00cdCOLAS. FORCE POSSUI UM<\/p><p class=\"p1\" style=\"margin: 0px; font-width: normal; font-size: 14px; line-height: normal; font-family: Helvetica; font-size-adjust: none; font-kerning: auto; font-variant-alternates: normal; font-variant-ligatures: normal; font-variant-numeric: normal; font-variant-east-asian: normal; font-variant-position: normal; font-feature-settings: normal; font-optical-sizing: auto; font-variation-settings: normal; color: #fcfbe0;\">ALTO PODER DE LIMPEZA, PODENDO AT\u00c9 SUBSTITUIR O DESINCRUSTANTE<\/p><p class=\"p1\" style=\"margin: 0px; font-width: normal; font-size: 14px; line-height: normal; font-family: Helvetica; font-size-adjust: none; font-kerning: auto; font-variant-alternates: normal; font-variant-ligatures: normal; font-variant-numeric: normal; font-variant-east-asian: normal; font-variant-position: normal; font-feature-settings: normal; font-optical-sizing: auto; font-variation-settings: normal; color: #fcfbe0;\">\u00c1CIDO E DESENGRAXANTES. LOGO REDUZ A M\u00c3O DE OBRA E CUSTO DE<\/p><p class=\"p1\" style=\"margin: 0px; font-width: normal; font-size: 14px; line-height: normal; font-family: Helvetica; font-size-adjust: none; font-kerning: auto; font-variant-alternates: normal; font-variant-ligatures: normal; font-variant-numeric: normal; font-variant-east-asian: normal; font-variant-position: normal; font-feature-settings: normal; font-optical-sizing: auto; font-variation-settings: normal; color: #fcfbe0;\">APLICA\u00c7\u00c3O E EM MUITOS CASOS O FORCE LIMPA SEM ESFREGAR.<\/p>\t\t\t\t\t\t\t\t<\/div>\n\t\t\t\t<div class=\"elementor-element elementor-element-9c3cf79 elementor-widget elementor-widget-image\" data-id=\"9c3cf79\" data-element_type=\"widget\" data-e-type=\"widget\" data-widget_type=\"image.default\">\n\t\t\t\t\t\t\t\t\t\t\t\t\t\t\t<img fetchpriority=\"high\" decoding=\"async\" width=\"2410\" height=\"1819\" src=\"https:\/\/evoautobrasil.com.br\/wp-content\/uploads\/2025\/12\/Texto-Force.png\" class=\"attachment-full size-full wp-image-495\" alt=\"\" srcset=\"https:\/\/evoautobrasil.com.br\/wp-content\/uploads\/2025\/12\/Texto-Force.png 2410w, https:\/\/evoautobrasil.com.br\/wp-content\/uploads\/2025\/12\/Texto-Force-300x226.png 300w, https:\/\/evoautobrasil.com.br\/wp-content\/uploads\/2025\/12\/Texto-Force-1024x773.png 1024w, https:\/\/evoautobrasil.com.br\/wp-content\/uploads\/2025\/12\/Texto-Force-768x580.png 768w, https:\/\/evoautobrasil.com.br\/wp-content\/uploads\/2025\/12\/Texto-Force-1536x1159.png 1536w, https:\/\/evoautobrasil.com.br\/wp-content\/uploads\/2025\/12\/Texto-Force-2048x1546.png 2048w, https:\/\/evoautobrasil.com.br\/wp-content\/uploads\/2025\/12\/Texto-Force-600x453.png 600w\" sizes=\"(max-width: 2410px) 100vw, 2410px\" \/>\t\t\t\t\t\t\t\t\t\t\t\t\t\t\t<\/div>\n\t\t\t\t<\/div>\n\t\t\t\t<\/div>\n\t\t<div class=\"elementor-element elementor-element-ea34e43 e-flex e-con-boxed e-con e-parent\" data-id=\"ea34e43\" data-element_type=\"container\" data-e-type=\"container\">\n\t\t\t\t\t<div class=\"e-con-inner\">\n\t\t\t\t<div class=\"elementor-element elementor-element-434b93b elementor-widget elementor-widget-heading\" data-id=\"434b93b\" data-element_type=\"widget\" data-e-type=\"widget\" data-widget_type=\"heading.default\">\n\t\t\t\t\t<h2 class=\"elementor-heading-title elementor-size-default\">Tamanhos dispon\u00edveis: <\/h2>\t\t\t\t<\/div>\n\t\t\t\t<div class=\"elementor-element elementor-element-84f82d5 elementor-widget elementor-widget-text-editor\" data-id=\"84f82d5\" data-element_type=\"widget\" data-e-type=\"widget\" data-widget_type=\"text-editor.default\">\n\t\t\t\t\t\t\t\t\t<p>1,5 Litro<\/p><p>5 Litros<\/p><p>20 Litros<\/p><p>50 Litros<\/p>\t\t\t\t\t\t\t\t<\/div>\n\t\t\t\t<div class=\"elementor-element elementor-element-98b4c67 elementor-widget elementor-widget-heading\" data-id=\"98b4c67\" data-element_type=\"widget\" data-e-type=\"widget\" data-widget_type=\"heading.default\">\n\t\t\t\t\t<h2 class=\"elementor-heading-title elementor-size-default\">modo de uso:<\/h2>\t\t\t\t<\/div>\n\t\t\t\t<div class=\"elementor-element elementor-element-deedf36 elementor-widget elementor-widget-text-editor\" data-id=\"deedf36\" data-element_type=\"widget\" data-e-type=\"widget\" data-widget_type=\"text-editor.default\">\n\t\t\t\t\t\t\t\t\t<p>As dilui\u00e7\u00f5es citadas s\u00e3o apenas orientativas, podendo ser alteradas de acordo com seu uso e sujeira. ATEN\u00c7\u00c3O:<br \/>Realize um pequeno teste com o produto dilu\u00eddo na \u00e1rea a ser limpa a ser limpa antes da aplica\u00e7\u00e3o, para ver se a limpeza \u00e9 satisfat\u00f3ria ou se n\u00e3o ocorre altera\u00e7\u00e3o na superf\u00edcie.<br \/>Modo de uso: Aplicar o produto com o aux\u00edlio de um pulverizador, shampoozeira ou pistola de ar sobre a \u00e1rea limpa.<br \/>Deixe produto agir por alguns instantes. Remova todo o res\u00edduo de produto com \u00e1gua. ATEN\u00c7\u00c3O: N\u00c3O RECOMENDADO PARA B\u00c1US DE ALUM\u00cdNIO, RODAS POLIDAS e VE\u00cdCULOS ENVELOPADOS. N\u00c3O UTILIZIAR SOBRE SOL, APLICAR SOMENTE COM A LATARIA FRIA.<\/p>\t\t\t\t\t\t\t\t<\/div>\n\t\t\t\t\t<\/div>\n\t\t\t\t<\/div>\n\t\t\t\t<\/div>\n\t\t","protected":false},"excerpt":{"rendered":"<p>LIMPADOR MULTIUSOFORCE FORCE DA EVO AUTO, \u00c9 UM LIMPADOR PARA USO LEVE E PESADO, SUA FORMULA\u00c7\u00c3O PROPORCIONA UM INCR\u00cdVEL N\u00cdVEL DE LIMPEZA, PARA CARROCERIAS, CHASSI, RODAS, M\u00c1QUINAS AGR\u00cdCOLAS. FORCE POSSUI UM ALTO PODER DE LIMPEZA, PODENDO AT\u00c9 SUBSTITUIR O DESINCRUSTANTE \u00c1CIDO E DESENGRAXANTES. LOGO REDUZ A M\u00c3O DE OBRA E CUSTO DE APLICA\u00c7\u00c3O E EM [&hellip;]<\/p>\n","protected":false},"author":1,"featured_media":0,"parent":0,"menu_order":0,"comment_status":"closed","ping_status":"closed","template":"elementor_header_footer","meta":{"footnotes":""},"class_list":["post-603","page","type-page","status-publish","hentry"],"_hostinger_reach_plugin_has_subscription_block":false,"_hostinger_reach_plugin_is_elementor":false,"_links":{"self":[{"href":"https:\/\/evoautobrasil.com.br\/index.php?rest_route=\/wp\/v2\/pages\/603","targetHints":{"allow":["GET"]}}],"collection":[{"href":"https:\/\/evoautobrasil.com.br\/index.php?rest_route=\/wp\/v2\/pages"}],"about":[{"href":"https:\/\/evoautobrasil.com.br\/index.php?rest_route=\/wp\/v2\/types\/page"}],"author":[{"embeddable":true,"href":"https:\/\/evoautobrasil.com.br\/index.php?rest_route=\/wp\/v2\/users\/1"}],"replies":[{"embeddable":true,"href":"https:\/\/evoautobrasil.com.br\/index.php?rest_route=%2Fwp%2Fv2%2Fcomments&post=603"}],"version-history":[{"count":9,"href":"https:\/\/evoautobrasil.com.br\/index.php?rest_route=\/wp\/v2\/pages\/603\/revisions"}],"predecessor-version":[{"id":1199,"href":"https:\/\/evoautobrasil.com.br\/index.php?rest_route=\/wp\/v2\/pages\/603\/revisions\/1199"}],"wp:attachment":[{"href":"https:\/\/evoautobrasil.com.br\/index.php?rest_route=%2Fwp%2Fv2%2Fmedia&parent=603"}],"curies":[{"name":"wp","href":"https:\/\/api.w.org\/{rel}","templated":true}]}}